{"id":98,"date":"2024-07-22T10:32:59","date_gmt":"2024-07-22T10:32:59","guid":{"rendered":"https:\/\/laculturadelcafe.startupdigitalmedia.com\/index.php\/home\/"},"modified":"2024-12-07T16:15:07","modified_gmt":"2024-12-07T16:15:07","slug":"home","status":"publish","type":"page","link":"https:\/\/laculturadelcafe.com\/","title":{"rendered":"Home"},"content":{"rendered":"\t\t<div data-elementor-type=\"wp-page\" data-elementor-id=\"98\" class=\"elementor elementor-98\" data-elementor-post-type=\"page\">\n\t\t\t\t\t\t<section class=\"elementor-section elementor-top-section elementor-element elementor-element-298b5496 elementor-section-height-min-height elementor-section-content-bottom elementor-section-items-top elementor-section-boxed elementor-section-height-default\" data-id=\"298b5496\" data-element_type=\"section\">\n\t\t\t\t\t\t\t<div class=\"elementor-background-overlay\"><\/div>\n\t\t\t\t\t\t\t<div class=\"elementor-container elementor-column-gap-no\">\n\t\t\t\t\t<div class=\"elementor-column elementor-col-100 elementor-top-column elementor-element elementor-element-7719fa3e\" data-id=\"7719fa3e\" data-element_type=\"column\" data-settings=\"{&quot;background_background&quot;:&quot;classic&quot;}\">\n\t\t\t<div class=\"elementor-widget-wrap elementor-element-populated\">\n\t\t\t\t\t\t<div class=\"elementor-element elementor-element-b0f849e elementor-widget elementor-widget-image\" data-id=\"b0f849e\" data-element_type=\"widget\" data-widget_type=\"image.default\">\n\t\t\t\t<div class=\"elementor-widget-container\">\n\t\t\t\t\t\t\t\t\t\t\t\t\t\t\t<img fetchpriority=\"high\" decoding=\"async\" width=\"800\" height=\"770\" src=\"https:\/\/laculturadelcafe.com\/wp-content\/uploads\/2024\/07\/Logo-1-1024x986.png\" class=\"attachment-large size-large wp-image-200\" alt=\"\" srcset=\"https:\/\/laculturadelcafe.com\/wp-content\/uploads\/2024\/07\/Logo-1-1024x986.png 1024w, https:\/\/laculturadelcafe.com\/wp-content\/uploads\/2024\/07\/Logo-1-600x578.png 600w, https:\/\/laculturadelcafe.com\/wp-content\/uploads\/2024\/07\/Logo-1-300x289.png 300w, https:\/\/laculturadelcafe.com\/wp-content\/uploads\/2024\/07\/Logo-1-768x740.png 768w, https:\/\/laculturadelcafe.com\/wp-content\/uploads\/2024\/07\/Logo-1.png 1033w\" sizes=\"(max-width: 800px) 100vw, 800px\" \/>\t\t\t\t\t\t\t\t\t\t\t\t\t\t\t<\/div>\n\t\t\t\t<\/div>\n\t\t\t\t<div class=\"elementor-element elementor-element-56e33185 elementor-widget elementor-widget-heading\" data-id=\"56e33185\" data-element_type=\"widget\" data-widget_type=\"heading.default\">\n\t\t\t\t<div class=\"elementor-widget-container\">\n\t\t\t\t\t<h2 class=\"elementor-heading-title elementor-size-default\">!Bienvenidos!<\/h2>\t\t\t\t<\/div>\n\t\t\t\t<\/div>\n\t\t\t\t\t<\/div>\n\t\t<\/div>\n\t\t\t\t\t<\/div>\n\t\t<\/section>\n\t\t\t\t<section class=\"elementor-section elementor-top-section elementor-element elementor-element-537fb499 elementor-section-full_width elementor-section-content-middle elementor-section-height-default elementor-section-height-default elementor-invisible\" data-id=\"537fb499\" data-element_type=\"section\" id=\"somos\" data-settings=\"{&quot;animation&quot;:&quot;fadeInUp&quot;}\">\n\t\t\t\t\t\t<div class=\"elementor-container elementor-column-gap-no\">\n\t\t\t\t\t<div class=\"elementor-column elementor-col-50 elementor-top-column elementor-element elementor-element-4889d165\" data-id=\"4889d165\" data-element_type=\"column\" data-settings=\"{&quot;background_background&quot;:&quot;classic&quot;}\">\n\t\t\t<div class=\"elementor-widget-wrap elementor-element-populated\">\n\t\t\t\t\t<div class=\"elementor-background-overlay\"><\/div>\n\t\t\t\t\t\t<section class=\"elementor-section elementor-inner-section elementor-element elementor-element-184b55d3 elementor-section-full_width elementor-section-content-middle elementor-section-height-default elementor-section-height-default\" data-id=\"184b55d3\" data-element_type=\"section\">\n\t\t\t\t\t\t<div class=\"elementor-container elementor-column-gap-no\">\n\t\t\t\t\t<div class=\"elementor-column elementor-col-100 elementor-inner-column elementor-element elementor-element-535551f0\" data-id=\"535551f0\" data-element_type=\"column\">\n\t\t\t<div class=\"elementor-widget-wrap elementor-element-populated\">\n\t\t\t\t\t\t<div class=\"elementor-element elementor-element-fa7239f elementor-widget elementor-widget-image\" data-id=\"fa7239f\" data-element_type=\"widget\" data-widget_type=\"image.default\">\n\t\t\t\t<div class=\"elementor-widget-container\">\n\t\t\t\t\t\t\t\t\t\t\t\t\t\t\t<img fetchpriority=\"high\" decoding=\"async\" width=\"800\" height=\"770\" src=\"https:\/\/laculturadelcafe.com\/wp-content\/uploads\/2024\/07\/Logo-1-1024x986.png\" class=\"attachment-large size-large wp-image-200\" alt=\"\" srcset=\"https:\/\/laculturadelcafe.com\/wp-content\/uploads\/2024\/07\/Logo-1-1024x986.png 1024w, https:\/\/laculturadelcafe.com\/wp-content\/uploads\/2024\/07\/Logo-1-600x578.png 600w, https:\/\/laculturadelcafe.com\/wp-content\/uploads\/2024\/07\/Logo-1-300x289.png 300w, https:\/\/laculturadelcafe.com\/wp-content\/uploads\/2024\/07\/Logo-1-768x740.png 768w, https:\/\/laculturadelcafe.com\/wp-content\/uploads\/2024\/07\/Logo-1.png 1033w\" sizes=\"(max-width: 800px) 100vw, 800px\" \/>\t\t\t\t\t\t\t\t\t\t\t\t\t\t\t<\/div>\n\t\t\t\t<\/div>\n\t\t\t\t\t<\/div>\n\t\t<\/div>\n\t\t\t\t\t<\/div>\n\t\t<\/section>\n\t\t\t\t\t<\/div>\n\t\t<\/div>\n\t\t\t\t<div class=\"elementor-column elementor-col-50 elementor-top-column elementor-element elementor-element-29663bf1\" data-id=\"29663bf1\" data-element_type=\"column\" data-settings=\"{&quot;background_background&quot;:&quot;classic&quot;}\">\n\t\t\t<div class=\"elementor-widget-wrap elementor-element-populated\">\n\t\t\t\t\t\t<div class=\"elementor-element elementor-element-5abbcbe1 elementor-vertical-align-top elementor-widget elementor-widget-icon-box\" data-id=\"5abbcbe1\" data-element_type=\"widget\" data-widget_type=\"icon-box.default\">\n\t\t\t\t<div class=\"elementor-widget-container\">\n\t\t\t\t\t\t\t<div class=\"elementor-icon-box-wrapper\">\n\n\t\t\t\n\t\t\t\t\t\t<div class=\"elementor-icon-box-content\">\n\n\t\t\t\t\n\t\t\t\t\t\t\t\t\t<p class=\"elementor-icon-box-description\">\n\t\t\t\t\t\tEl Caf\u00e9 es una tradici\u00f3n que nos renueva cada d\u00eda. En cada taza, tenemos la oportunidad de aportar alegr\u00eda, recuerdos y energ\u00eda para nuestras m\u00faltiples aventuras cotidianas.\n<br><br>\nEl Caf\u00e9 es tambi\u00e9n una Cultura en la que infinidad de variedades de grano, tostado, molienda, textura y m\u00e9todos de elaboraci\u00f3n configuran una experiencia verdaderamente \u00fanica para cada persona. <br><br>\nEl desarrollo de esas experiencias es precisamente la misi\u00f3n y prop\u00f3sito a los que sirve nuestra empresa, colocando en el domicilio y coraz\u00f3n de cada cliente una amplia selecci\u00f3n de variedades locales e importadas que combinan lo tradicional con el placer del nuevo descubrimiento. \n\t\t\t\t\t<\/p>\n\t\t\t\t\n\t\t\t<\/div>\n\t\t\t\n\t\t<\/div>\n\t\t\t\t\t\t<\/div>\n\t\t\t\t<\/div>\n\t\t\t\t\t<\/div>\n\t\t<\/div>\n\t\t\t\t\t<\/div>\n\t\t<\/section>\n\t\t\t\t<section class=\"elementor-section elementor-top-section elementor-element elementor-element-3bf2c9b elementor-section-height-min-height elementor-section-content-middle elementor-hidden-mobile elementor-section-boxed elementor-section-height-default elementor-section-items-middle\" data-id=\"3bf2c9b\" data-element_type=\"section\" data-settings=\"{&quot;background_background&quot;:&quot;classic&quot;,&quot;background_motion_fx_motion_fx_scrolling&quot;:&quot;yes&quot;,&quot;background_motion_fx_devices&quot;:[&quot;desktop&quot;,&quot;tablet&quot;,&quot;mobile&quot;]}\">\n\t\t\t\t\t\t\t<div class=\"elementor-background-overlay\"><\/div>\n\t\t\t\t\t\t\t<div class=\"elementor-container elementor-column-gap-no\">\n\t\t\t\t\t<div class=\"elementor-column elementor-col-100 elementor-top-column elementor-element elementor-element-a8b8add\" data-id=\"a8b8add\" data-element_type=\"column\" data-settings=\"{&quot;background_background&quot;:&quot;classic&quot;}\">\n\t\t\t<div class=\"elementor-widget-wrap elementor-element-populated\">\n\t\t\t\t\t\t<div class=\"elementor-element elementor-element-a719ed2 elementor-widget elementor-widget-heading\" data-id=\"a719ed2\" data-element_type=\"widget\" data-widget_type=\"heading.default\">\n\t\t\t\t<div class=\"elementor-widget-container\">\n\t\t\t\t\t<h2 class=\"elementor-heading-title elementor-size-default\">\u00a1El caf\u00e9 es una tradici\u00f3n que nos renueva cada d\u00eda!<\/h2>\t\t\t\t<\/div>\n\t\t\t\t<\/div>\n\t\t\t\t\t<\/div>\n\t\t<\/div>\n\t\t\t\t\t<\/div>\n\t\t<\/section>\n\t\t\t\t<section class=\"elementor-section elementor-top-section elementor-element elementor-element-b2e0f7a elementor-section-boxed elementor-section-height-default elementor-section-height-default elementor-invisible\" data-id=\"b2e0f7a\" data-element_type=\"section\" id=\"cafedominicano\" data-settings=\"{&quot;background_background&quot;:&quot;classic&quot;,&quot;animation&quot;:&quot;fadeInUp&quot;}\">\n\t\t\t\t\t\t<div class=\"elementor-container elementor-column-gap-default\">\n\t\t\t\t\t<div class=\"elementor-column elementor-col-100 elementor-top-column elementor-element elementor-element-e13d4ca\" data-id=\"e13d4ca\" data-element_type=\"column\">\n\t\t\t<div class=\"elementor-widget-wrap elementor-element-populated\">\n\t\t\t\t\t\t<div class=\"elementor-element elementor-element-601eff8 elementor-widget elementor-widget-image\" data-id=\"601eff8\" data-element_type=\"widget\" data-widget_type=\"image.default\">\n\t\t\t\t<div class=\"elementor-widget-container\">\n\t\t\t\t\t\t\t\t\t\t\t\t\t\t\t<img fetchpriority=\"high\" decoding=\"async\" width=\"800\" height=\"770\" src=\"https:\/\/laculturadelcafe.com\/wp-content\/uploads\/2024\/07\/Logo-1-1024x986.png\" class=\"attachment-large size-large wp-image-200\" alt=\"\" srcset=\"https:\/\/laculturadelcafe.com\/wp-content\/uploads\/2024\/07\/Logo-1-1024x986.png 1024w, https:\/\/laculturadelcafe.com\/wp-content\/uploads\/2024\/07\/Logo-1-600x578.png 600w, https:\/\/laculturadelcafe.com\/wp-content\/uploads\/2024\/07\/Logo-1-300x289.png 300w, https:\/\/laculturadelcafe.com\/wp-content\/uploads\/2024\/07\/Logo-1-768x740.png 768w, https:\/\/laculturadelcafe.com\/wp-content\/uploads\/2024\/07\/Logo-1.png 1033w\" sizes=\"(max-width: 800px) 100vw, 800px\" \/>\t\t\t\t\t\t\t\t\t\t\t\t\t\t\t<\/div>\n\t\t\t\t<\/div>\n\t\t\t\t<div class=\"elementor-element elementor-element-c5fbbf5 elementor-widget elementor-widget-heading\" data-id=\"c5fbbf5\" data-element_type=\"widget\" data-widget_type=\"heading.default\">\n\t\t\t\t<div class=\"elementor-widget-container\">\n\t\t\t\t\t<h2 class=\"elementor-heading-title elementor-size-default\">Caf\u00e9 Dominicano<\/h2>\t\t\t\t<\/div>\n\t\t\t\t<\/div>\n\t\t\t\t<div class=\"elementor-element elementor-element-3d14981 elementor-skin-coverflow elementor-pagination-type-bullets elementor-pagination-position-outside elementor-widget elementor-widget-media-carousel\" data-id=\"3d14981\" data-element_type=\"widget\" data-settings=\"{&quot;slides_per_view&quot;:&quot;3&quot;,&quot;slides_to_scroll&quot;:&quot;6&quot;,&quot;speed&quot;:700,&quot;autoplay_speed&quot;:15000,&quot;space_between&quot;:{&quot;unit&quot;:&quot;px&quot;,&quot;size&quot;:50,&quot;sizes&quot;:[]},&quot;skin&quot;:&quot;coverflow&quot;,&quot;pagination&quot;:&quot;bullets&quot;,&quot;autoplay&quot;:&quot;yes&quot;,&quot;loop&quot;:&quot;yes&quot;,&quot;pause_on_hover&quot;:&quot;yes&quot;,&quot;pause_on_interaction&quot;:&quot;yes&quot;,&quot;space_between_tablet&quot;:{&quot;unit&quot;:&quot;px&quot;,&quot;size&quot;:10,&quot;sizes&quot;:[]},&quot;space_between_mobile&quot;:{&quot;unit&quot;:&quot;px&quot;,&quot;size&quot;:10,&quot;sizes&quot;:[]}}\" data-widget_type=\"media-carousel.default\">\n\t\t\t\t<div class=\"elementor-widget-container\">\n\t\t\t\t\t\t\t<div class=\"elementor-swiper\">\n\t\t\t<div class=\"elementor-main-swiper swiper\">\n\t\t\t\t<div class=\"swiper-wrapper\">\n\t\t\t\t\t\t\t\t\t\t\t<div class=\"swiper-slide\">\n\t\t\t\t\t\t\t\t\t<div class=\"elementor-carousel-image\" role=\"img\" aria-label=\"Cafes-18\" style=\"background-image: url(&#039;https:\/\/laculturadelcafe.com\/wp-content\/uploads\/2024\/07\/Cafes-18.jpg&#039;)\">\n\n\t\t\t\n\t\t\t\t\t<\/div>\n\t\t\t\t\t\t\t\t<\/div>\n\t\t\t\t\t\t\t\t\t\t\t<div class=\"swiper-slide\">\n\t\t\t\t\t\t\t\t\t<div class=\"elementor-carousel-image\" role=\"img\" aria-label=\"Cafes-22\" style=\"background-image: url(&#039;https:\/\/laculturadelcafe.com\/wp-content\/uploads\/2024\/07\/Cafes-22.jpg&#039;)\">\n\n\t\t\t\n\t\t\t\t\t<\/div>\n\t\t\t\t\t\t\t\t<\/div>\n\t\t\t\t\t\t\t\t\t\t\t<div class=\"swiper-slide\">\n\t\t\t\t\t\t\t\t\t<div class=\"elementor-carousel-image\" role=\"img\" aria-label=\"Cafes-19\" style=\"background-image: url(&#039;https:\/\/laculturadelcafe.com\/wp-content\/uploads\/2024\/07\/Cafes-19.jpg&#039;)\">\n\n\t\t\t\n\t\t\t\t\t<\/div>\n\t\t\t\t\t\t\t\t<\/div>\n\t\t\t\t\t\t\t\t\t\t\t<div class=\"swiper-slide\">\n\t\t\t\t\t\t\t\t\t<div class=\"elementor-carousel-image\" role=\"img\" aria-label=\"Cafes-17\" style=\"background-image: url(&#039;https:\/\/laculturadelcafe.com\/wp-content\/uploads\/2024\/07\/Cafes-17.jpg&#039;)\">\n\n\t\t\t\n\t\t\t\t\t<\/div>\n\t\t\t\t\t\t\t\t<\/div>\n\t\t\t\t\t\t\t\t\t\t\t<div class=\"swiper-slide\">\n\t\t\t\t\t\t\t\t\t<div class=\"elementor-carousel-image\" role=\"img\" aria-label=\"Cafes-20\" style=\"background-image: url(&#039;https:\/\/laculturadelcafe.com\/wp-content\/uploads\/2024\/07\/Cafes-20.jpg&#039;)\">\n\n\t\t\t\n\t\t\t\t\t<\/div>\n\t\t\t\t\t\t\t\t<\/div>\n\t\t\t\t\t\t\t\t\t\t\t<div class=\"swiper-slide\">\n\t\t\t\t\t\t\t\t\t<div class=\"elementor-carousel-image\" role=\"img\" aria-label=\"Cafes-21\" style=\"background-image: url(&#039;https:\/\/laculturadelcafe.com\/wp-content\/uploads\/2024\/07\/Cafes-21.jpg&#039;)\">\n\n\t\t\t\n\t\t\t\t\t<\/div>\n\t\t\t\t\t\t\t\t<\/div>\n\t\t\t\t\t\t\t\t\t\t\t<div class=\"swiper-slide\">\n\t\t\t\t\t\t\t\t\t<div class=\"elementor-carousel-image\" role=\"img\" aria-label=\"Cafes-23\" style=\"background-image: url(&#039;https:\/\/laculturadelcafe.com\/wp-content\/uploads\/2024\/07\/Cafes-23.jpg&#039;)\">\n\n\t\t\t\n\t\t\t\t\t<\/div>\n\t\t\t\t\t\t\t\t<\/div>\n\t\t\t\t\t\t\t\t\t\t\t<div class=\"swiper-slide\">\n\t\t\t\t\t\t\t\t\t<div class=\"elementor-carousel-image\" role=\"img\" aria-label=\"Cafes-24\" style=\"background-image: url(&#039;https:\/\/laculturadelcafe.com\/wp-content\/uploads\/2024\/07\/Cafes-24.jpg&#039;)\">\n\n\t\t\t\n\t\t\t\t\t<\/div>\n\t\t\t\t\t\t\t\t<\/div>\n\t\t\t\t\t\t\t\t\t\t\t<div class=\"swiper-slide\">\n\t\t\t\t\t\t\t\t\t<div class=\"elementor-carousel-image\" role=\"img\" aria-label=\"Cafes-25\" style=\"background-image: url(&#039;https:\/\/laculturadelcafe.com\/wp-content\/uploads\/2024\/07\/Cafes-25.jpg&#039;)\">\n\n\t\t\t\n\t\t\t\t\t<\/div>\n\t\t\t\t\t\t\t\t<\/div>\n\t\t\t\t\t\t\t\t\t\t\t<div class=\"swiper-slide\">\n\t\t\t\t\t\t\t\t\t<div class=\"elementor-carousel-image\" role=\"img\" aria-label=\"Cafes-26\" style=\"background-image: url(&#039;https:\/\/laculturadelcafe.com\/wp-content\/uploads\/2024\/07\/Cafes-26.jpg&#039;)\">\n\n\t\t\t\n\t\t\t\t\t<\/div>\n\t\t\t\t\t\t\t\t<\/div>\n\t\t\t\t\t\t\t\t\t\t\t<div class=\"swiper-slide\">\n\t\t\t\t\t\t\t\t\t<div class=\"elementor-carousel-image\" role=\"img\" aria-label=\"Cafes-27\" style=\"background-image: url(&#039;https:\/\/laculturadelcafe.com\/wp-content\/uploads\/2024\/07\/Cafes-27.jpg&#039;)\">\n\n\t\t\t\n\t\t\t\t\t<\/div>\n\t\t\t\t\t\t\t\t<\/div>\n\t\t\t\t\t\t\t\t\t\t\t<div class=\"swiper-slide\">\n\t\t\t\t\t\t\t\t\t<div class=\"elementor-carousel-image\" role=\"img\" aria-label=\"Cafes-28\" style=\"background-image: url(&#039;https:\/\/laculturadelcafe.com\/wp-content\/uploads\/2024\/07\/Cafes-28.jpg&#039;)\">\n\n\t\t\t\n\t\t\t\t\t<\/div>\n\t\t\t\t\t\t\t\t<\/div>\n\t\t\t\t\t\t\t\t\t<\/div>\n\t\t\t\t\t\t\t\t\t\t\t\t\t\t\t<div class=\"swiper-pagination\"><\/div>\n\t\t\t\t\t\t\t\t\t\t\t\t\t\t\t\t\t<\/div>\n\t\t<\/div>\n\t\t\t\t\t\t<\/div>\n\t\t\t\t<\/div>\n\t\t\t\t\t<\/div>\n\t\t<\/div>\n\t\t\t\t\t<\/div>\n\t\t<\/section>\n\t\t\t\t<section class=\"elementor-section elementor-top-section elementor-element elementor-element-03e6233 elementor-section-height-min-height elementor-section-content-middle elementor-hidden-mobile elementor-section-boxed elementor-section-height-default elementor-section-items-middle\" data-id=\"03e6233\" data-element_type=\"section\" data-settings=\"{&quot;background_background&quot;:&quot;classic&quot;,&quot;background_motion_fx_motion_fx_scrolling&quot;:&quot;yes&quot;,&quot;background_motion_fx_devices&quot;:[&quot;desktop&quot;,&quot;tablet&quot;,&quot;mobile&quot;]}\">\n\t\t\t\t\t\t\t<div class=\"elementor-background-overlay\"><\/div>\n\t\t\t\t\t\t\t<div class=\"elementor-container elementor-column-gap-no\">\n\t\t\t\t\t<div class=\"elementor-column elementor-col-100 elementor-top-column elementor-element elementor-element-30ecd35\" data-id=\"30ecd35\" data-element_type=\"column\" data-settings=\"{&quot;background_background&quot;:&quot;classic&quot;}\">\n\t\t\t<div class=\"elementor-widget-wrap elementor-element-populated\">\n\t\t\t\t\t\t<div class=\"elementor-element elementor-element-908cb45 elementor-headline--style-highlight elementor-widget elementor-widget-animated-headline\" data-id=\"908cb45\" data-element_type=\"widget\" data-settings=\"{&quot;highlighted_text&quot;:&quot;cultura&quot;,&quot;headline_style&quot;:&quot;highlight&quot;,&quot;marker&quot;:&quot;circle&quot;,&quot;loop&quot;:&quot;yes&quot;,&quot;highlight_animation_duration&quot;:1200,&quot;highlight_iteration_delay&quot;:8000}\" data-widget_type=\"animated-headline.default\">\n\t\t\t\t<div class=\"elementor-widget-container\">\n\t\t\t\t\t\t\t<h3 class=\"elementor-headline\">\n\t\t\t\t\t<span class=\"elementor-headline-plain-text elementor-headline-text-wrapper\">El caf\u00e9 es tambi\u00e9n una <\/span>\n\t\t\t\t<span class=\"elementor-headline-dynamic-wrapper elementor-headline-text-wrapper\">\n\t\t\t\t\t<span class=\"elementor-headline-dynamic-text elementor-headline-text-active\">cultura<\/span>\n\t\t\t\t<\/span>\n\t\t\t\t<\/h3>\n\t\t\t\t\t\t<\/div>\n\t\t\t\t<\/div>\n\t\t\t\t\t<\/div>\n\t\t<\/div>\n\t\t\t\t\t<\/div>\n\t\t<\/section>\n\t\t\t\t<section class=\"elementor-section elementor-top-section elementor-element elementor-element-19208a7 elementor-section-boxed elementor-section-height-default elementor-section-height-default elementor-invisible\" data-id=\"19208a7\" data-element_type=\"section\" id=\"cafeimportado\" data-settings=\"{&quot;background_background&quot;:&quot;classic&quot;,&quot;animation&quot;:&quot;fadeInUp&quot;}\">\n\t\t\t\t\t\t<div class=\"elementor-container elementor-column-gap-default\">\n\t\t\t\t\t<div class=\"elementor-column elementor-col-100 elementor-top-column elementor-element elementor-element-b6bf5da\" data-id=\"b6bf5da\" data-element_type=\"column\">\n\t\t\t<div class=\"elementor-widget-wrap elementor-element-populated\">\n\t\t\t\t\t\t<div class=\"elementor-element elementor-element-6536764 elementor-widget elementor-widget-image\" data-id=\"6536764\" data-element_type=\"widget\" data-widget_type=\"image.default\">\n\t\t\t\t<div class=\"elementor-widget-container\">\n\t\t\t\t\t\t\t\t\t\t\t\t\t\t\t<img fetchpriority=\"high\" decoding=\"async\" width=\"800\" height=\"770\" src=\"https:\/\/laculturadelcafe.com\/wp-content\/uploads\/2024\/07\/Logo-1-1024x986.png\" class=\"attachment-large size-large wp-image-200\" alt=\"\" srcset=\"https:\/\/laculturadelcafe.com\/wp-content\/uploads\/2024\/07\/Logo-1-1024x986.png 1024w, https:\/\/laculturadelcafe.com\/wp-content\/uploads\/2024\/07\/Logo-1-600x578.png 600w, https:\/\/laculturadelcafe.com\/wp-content\/uploads\/2024\/07\/Logo-1-300x289.png 300w, https:\/\/laculturadelcafe.com\/wp-content\/uploads\/2024\/07\/Logo-1-768x740.png 768w, https:\/\/laculturadelcafe.com\/wp-content\/uploads\/2024\/07\/Logo-1.png 1033w\" sizes=\"(max-width: 800px) 100vw, 800px\" \/>\t\t\t\t\t\t\t\t\t\t\t\t\t\t\t<\/div>\n\t\t\t\t<\/div>\n\t\t\t\t<div class=\"elementor-element elementor-element-6f126ff9 elementor-widget elementor-widget-heading\" data-id=\"6f126ff9\" data-element_type=\"widget\" data-widget_type=\"heading.default\">\n\t\t\t\t<div class=\"elementor-widget-container\">\n\t\t\t\t\t<h2 class=\"elementor-heading-title elementor-size-default\">Caf\u00e9 Importado<\/h2>\t\t\t\t<\/div>\n\t\t\t\t<\/div>\n\t\t\t\t<div class=\"elementor-element elementor-element-4ca9a19 elementor-skin-coverflow elementor-pagination-type-bullets elementor-pagination-position-outside elementor-widget elementor-widget-media-carousel\" data-id=\"4ca9a19\" data-element_type=\"widget\" data-settings=\"{&quot;slides_per_view&quot;:&quot;3&quot;,&quot;slides_to_scroll&quot;:&quot;6&quot;,&quot;speed&quot;:700,&quot;autoplay_speed&quot;:15000,&quot;space_between&quot;:{&quot;unit&quot;:&quot;px&quot;,&quot;size&quot;:50,&quot;sizes&quot;:[]},&quot;skin&quot;:&quot;coverflow&quot;,&quot;space_between_mobile&quot;:{&quot;unit&quot;:&quot;px&quot;,&quot;size&quot;:0,&quot;sizes&quot;:[]},&quot;pagination&quot;:&quot;bullets&quot;,&quot;autoplay&quot;:&quot;yes&quot;,&quot;loop&quot;:&quot;yes&quot;,&quot;pause_on_hover&quot;:&quot;yes&quot;,&quot;pause_on_interaction&quot;:&quot;yes&quot;,&quot;space_between_tablet&quot;:{&quot;unit&quot;:&quot;px&quot;,&quot;size&quot;:10,&quot;sizes&quot;:[]}}\" data-widget_type=\"media-carousel.default\">\n\t\t\t\t<div class=\"elementor-widget-container\">\n\t\t\t\t\t\t\t<div class=\"elementor-swiper\">\n\t\t\t<div class=\"elementor-main-swiper swiper\">\n\t\t\t\t<div class=\"swiper-wrapper\">\n\t\t\t\t\t\t\t\t\t\t\t<div class=\"swiper-slide\">\n\t\t\t\t\t\t\t\t\t<div class=\"elementor-carousel-image\" role=\"img\" aria-label=\"Cafes-29\" style=\"background-image: url(&#039;https:\/\/laculturadelcafe.com\/wp-content\/uploads\/2024\/07\/Cafes-29-1.jpg&#039;)\">\n\n\t\t\t\n\t\t\t\t\t<\/div>\n\t\t\t\t\t\t\t\t<\/div>\n\t\t\t\t\t\t\t\t\t\t\t<div class=\"swiper-slide\">\n\t\t\t\t\t\t\t\t\t<div class=\"elementor-carousel-image\" role=\"img\" aria-label=\"Cafes-16\" style=\"background-image: url(&#039;https:\/\/laculturadelcafe.com\/wp-content\/uploads\/2024\/07\/Cafes-16.jpg&#039;)\">\n\n\t\t\t\n\t\t\t\t\t<\/div>\n\t\t\t\t\t\t\t\t<\/div>\n\t\t\t\t\t\t\t\t\t\t\t<div class=\"swiper-slide\">\n\t\t\t\t\t\t\t\t\t<div class=\"elementor-carousel-image\" role=\"img\" aria-label=\"Cafes-13\" style=\"background-image: url(&#039;https:\/\/laculturadelcafe.com\/wp-content\/uploads\/2024\/07\/Cafes-13.jpg&#039;)\">\n\n\t\t\t\n\t\t\t\t\t<\/div>\n\t\t\t\t\t\t\t\t<\/div>\n\t\t\t\t\t\t\t\t\t\t\t<div class=\"swiper-slide\">\n\t\t\t\t\t\t\t\t\t<div class=\"elementor-carousel-image\" role=\"img\" aria-label=\"Cafes-14\" style=\"background-image: url(&#039;https:\/\/laculturadelcafe.com\/wp-content\/uploads\/2024\/07\/Cafes-14.jpg&#039;)\">\n\n\t\t\t\n\t\t\t\t\t<\/div>\n\t\t\t\t\t\t\t\t<\/div>\n\t\t\t\t\t\t\t\t\t\t\t<div class=\"swiper-slide\">\n\t\t\t\t\t\t\t\t\t<div class=\"elementor-carousel-image\" role=\"img\" aria-label=\"Cafes-12\" style=\"background-image: url(&#039;https:\/\/laculturadelcafe.com\/wp-content\/uploads\/2024\/07\/Cafes-12-1.jpg&#039;)\">\n\n\t\t\t\n\t\t\t\t\t<\/div>\n\t\t\t\t\t\t\t\t<\/div>\n\t\t\t\t\t\t\t\t\t\t\t<div class=\"swiper-slide\">\n\t\t\t\t\t\t\t\t\t<div class=\"elementor-carousel-image\" role=\"img\" aria-label=\"Cafes-15\" style=\"background-image: url(&#039;https:\/\/laculturadelcafe.com\/wp-content\/uploads\/2024\/07\/Cafes-15.jpg&#039;)\">\n\n\t\t\t\n\t\t\t\t\t<\/div>\n\t\t\t\t\t\t\t\t<\/div>\n\t\t\t\t\t\t\t\t\t<\/div>\n\t\t\t\t\t\t\t\t\t\t\t\t\t\t\t<div class=\"swiper-pagination\"><\/div>\n\t\t\t\t\t\t\t\t\t\t\t\t\t\t\t\t\t<\/div>\n\t\t<\/div>\n\t\t\t\t\t\t<\/div>\n\t\t\t\t<\/div>\n\t\t\t\t\t<\/div>\n\t\t<\/div>\n\t\t\t\t\t<\/div>\n\t\t<\/section>\n\t\t\t\t<section class=\"elementor-section elementor-top-section elementor-element elementor-element-5b2844d elementor-section-height-min-height elementor-section-content-middle elementor-section-items-bottom elementor-section-boxed elementor-section-height-default elementor-invisible\" data-id=\"5b2844d\" data-element_type=\"section\" data-settings=\"{&quot;background_background&quot;:&quot;classic&quot;,&quot;animation&quot;:&quot;fadeIn&quot;}\">\n\t\t\t\t\t\t\t<div class=\"elementor-background-overlay\"><\/div>\n\t\t\t\t\t\t\t<div class=\"elementor-container elementor-column-gap-no\">\n\t\t\t\t\t<div class=\"elementor-column elementor-col-100 elementor-top-column elementor-element elementor-element-e0b08aa\" data-id=\"e0b08aa\" data-element_type=\"column\" data-settings=\"{&quot;background_background&quot;:&quot;classic&quot;}\">\n\t\t\t<div class=\"elementor-widget-wrap elementor-element-populated\">\n\t\t\t\t\t\t<div class=\"elementor-element elementor-element-b59f92a elementor-widget elementor-widget-text-editor\" data-id=\"b59f92a\" data-element_type=\"widget\" data-widget_type=\"text-editor.default\">\n\t\t\t\t<div class=\"elementor-widget-container\">\n\t\t\t\t\t\t\t\t\t<p>!Para nosotros es un placer servirles!<\/p>\t\t\t\t\t\t\t\t<\/div>\n\t\t\t\t<\/div>\n\t\t\t\t\t<\/div>\n\t\t<\/div>\n\t\t\t\t\t<\/div>\n\t\t<\/section>\n\t\t\t\t<\/div>\n\t\t","protected":false},"excerpt":{"rendered":"<p>!Bienvenidos! El Caf\u00e9 es una tradici\u00f3n que nos renueva cada d\u00eda. En cada taza, tenemos la oportunidad de aportar alegr\u00eda, recuerdos y energ\u00eda para nuestras m\u00faltiples aventuras cotidianas. El Caf\u00e9 es tambi\u00e9n una Cultura en la que infinidad de variedades de grano, tostado, molienda, textura y m\u00e9todos de elaboraci\u00f3n configuran una experiencia verdaderamente \u00fanica para [&hellip;]<\/p>\n","protected":false},"author":1,"featured_media":0,"parent":0,"menu_order":0,"comment_status":"closed","ping_status":"closed","template":"elementor_header_footer","meta":{"footnotes":""},"class_list":["post-98","page","type-page","status-publish","hentry"],"_links":{"self":[{"href":"https:\/\/laculturadelcafe.com\/index.php\/wp-json\/wp\/v2\/pages\/98","targetHints":{"allow":["GET"]}}],"collection":[{"href":"https:\/\/laculturadelcafe.com\/index.php\/wp-json\/wp\/v2\/pages"}],"about":[{"href":"https:\/\/laculturadelcafe.com\/index.php\/wp-json\/wp\/v2\/types\/page"}],"author":[{"embeddable":true,"href":"https:\/\/laculturadelcafe.com\/index.php\/wp-json\/wp\/v2\/users\/1"}],"replies":[{"embeddable":true,"href":"https:\/\/laculturadelcafe.com\/index.php\/wp-json\/wp\/v2\/comments?post=98"}],"version-history":[{"count":409,"href":"https:\/\/laculturadelcafe.com\/index.php\/wp-json\/wp\/v2\/pages\/98\/revisions"}],"predecessor-version":[{"id":711,"href":"https:\/\/laculturadelcafe.com\/index.php\/wp-json\/wp\/v2\/pages\/98\/revisions\/711"}],"wp:attachment":[{"href":"https:\/\/laculturadelcafe.com\/index.php\/wp-json\/wp\/v2\/media?parent=98"}],"curies":[{"name":"wp","href":"https:\/\/api.w.org\/{rel}","templated":true}]}}